{"id":13207,"date":"2025-09-05T22:48:58","date_gmt":"2025-09-05T22:48:58","guid":{"rendered":"https:\/\/sportlinepilates.com\/?page_id=13207"},"modified":"2025-09-05T22:49:56","modified_gmt":"2025-09-05T22:49:56","slug":"kvkk","status":"publish","type":"page","link":"https:\/\/sportlinepilates.com\/en\/kvkk\/","title":{"rendered":"KVKK"},"content":{"rendered":"<h2 data-start=\"115\" data-end=\"139\">KVKK Ayd\u0131nlatma Metni<\/h2>\n<p data-start=\"141\" data-end=\"337\"><strong data-start=\"141\" data-end=\"212\">Sportline Spor Ekipmanlar\u0131 \u0130malat\u0131 \u0130th. \u0130hr. San. ve Tic. Ltd. \u015eti.<\/strong><br data-start=\"212\" data-end=\"215\" \/>Vergi No: <strong data-start=\"225\" data-end=\"239\">7810902891<\/strong><br data-start=\"239\" data-end=\"242\" \/>Yamanlar V.D.<br data-start=\"255\" data-end=\"258\" \/>Adres: <strong data-start=\"265\" data-end=\"337\">7685 Sokak No: 2\/1, Latife Han\u0131m Mahallesi, Kar\u015f\u0131yaka\/\u0130zmir, T\u00fcrkiye<\/strong><\/p>\n<p data-start=\"339\" data-end=\"596\">Ki\u015fisel verilerinizin korunmas\u0131 ve gizlili\u011finizin sa\u011flanmas\u0131 bizim i\u00e7in b\u00fcy\u00fck \u00f6nem ta\u015f\u0131maktad\u0131r. 6698 say\u0131l\u0131 Ki\u015fisel Verilerin Korunmas\u0131 Kanunu (\u201c<strong data-start=\"485\" data-end=\"493\">KVKK<\/strong>\u201d) kapsam\u0131nda, veri sorumlusu s\u0131fat\u0131yla ki\u015fisel verilerinizi a\u015fa\u011f\u0131da belirtilen \u00e7er\u00e7evede i\u015flemekteyiz.<\/p>\n<h3 data-start=\"598\" data-end=\"639\">1. Ki\u015fisel Verilerin \u0130\u015flenme Ama\u00e7lar\u0131<\/h3>\n<p data-start=\"640\" data-end=\"662\">Ki\u015fisel verileriniz;<\/p>\n<ul data-start=\"663\" data-end=\"977\">\n<li data-start=\"663\" data-end=\"702\">\n<p data-start=\"665\" data-end=\"702\">\u015eirket faaliyetlerinin y\u00fcr\u00fct\u00fclmesi,<\/p>\n<\/li>\n<li data-start=\"703\" data-end=\"771\">\n<p data-start=\"705\" data-end=\"771\">Sipari\u015f, sat\u0131\u015f ve sat\u0131\u015f sonras\u0131 destek hizmetlerinin sa\u011flanmas\u0131,<\/p>\n<\/li>\n<li data-start=\"772\" data-end=\"839\">\n<p data-start=\"774\" data-end=\"839\">Finans, muhasebe ve vergi y\u00fck\u00fcml\u00fcl\u00fcklerinin yerine getirilmesi,<\/p>\n<\/li>\n<li data-start=\"840\" data-end=\"904\">\n<p data-start=\"842\" data-end=\"904\">M\u00fc\u015fteri memnuniyetinin art\u0131r\u0131lmas\u0131 ve ileti\u015fim faaliyetleri,<\/p>\n<\/li>\n<li data-start=\"905\" data-end=\"977\">\n<p data-start=\"907\" data-end=\"977\">Yasal y\u00fck\u00fcml\u00fcl\u00fcklerin yerine getirilmesi,<br data-start=\"948\" data-end=\"951\" \/>ama\u00e7lar\u0131yla i\u015flenmektedir.<\/p>\n<\/li>\n<\/ul>\n<h3 data-start=\"979\" data-end=\"1037\">2. Ki\u015fisel Verilerin Toplanma Y\u00f6ntemi ve Hukuki Sebebi<\/h3>\n<p data-start=\"1038\" data-end=\"1219\">Ki\u015fisel verileriniz; web sitemiz, e-posta, telefon, s\u00f6zle\u015fmeler ve benzeri kanallar arac\u0131l\u0131\u011f\u0131yla, KVKK\u2019n\u0131n 5. ve 6. maddelerinde belirtilen hukuki sebepler dahilinde toplanmaktad\u0131r.<\/p>\n<h3 data-start=\"1221\" data-end=\"1257\">3. Ki\u015fisel Verilerin Aktar\u0131lmas\u0131<\/h3>\n<p data-start=\"1258\" data-end=\"1289\">Toplanan ki\u015fisel verileriniz;<\/p>\n<ul data-start=\"1290\" data-end=\"1475\">\n<li data-start=\"1290\" data-end=\"1355\">\n<p data-start=\"1292\" data-end=\"1355\">Yasal zorunluluk halinde yetkili kamu kurum ve kurulu\u015flar\u0131na,<\/p>\n<\/li>\n<li data-start=\"1356\" data-end=\"1475\">\n<p data-start=\"1358\" data-end=\"1475\">Hizmet ald\u0131\u011f\u0131m\u0131z tedarik\u00e7ilere ve i\u015f ortaklar\u0131m\u0131za,<br data-start=\"1409\" data-end=\"1412\" \/>KVKK\u2019n\u0131n 8. ve 9. maddelerine uygun olarak aktar\u0131labilmektedir.<\/p>\n<\/li>\n<\/ul>\n<h3 data-start=\"1477\" data-end=\"1512\">4. KVKK Kapsam\u0131ndaki Haklar\u0131n\u0131z<\/h3>\n<p data-start=\"1513\" data-end=\"1565\">KVKK\u2019n\u0131n 11. maddesi uyar\u0131nca, veri sahibi olarak;<\/p>\n<ul data-start=\"1566\" data-end=\"2144\">\n<li data-start=\"1566\" data-end=\"1622\">\n<p data-start=\"1568\" data-end=\"1622\">Ki\u015fisel verilerinizin i\u015flenip i\u015flenmedi\u011fini \u00f6\u011frenme,<\/p>\n<\/li>\n<li data-start=\"1623\" data-end=\"1668\">\n<p data-start=\"1625\" data-end=\"1668\">\u0130\u015flenmi\u015fse buna ili\u015fkin bilgi talep etme,<\/p>\n<\/li>\n<li data-start=\"1669\" data-end=\"1717\">\n<p data-start=\"1671\" data-end=\"1717\">Amac\u0131na uygun i\u015flenip i\u015flenmedi\u011fini \u00f6\u011frenme,<\/p>\n<\/li>\n<li data-start=\"1718\" data-end=\"1786\">\n<p data-start=\"1720\" data-end=\"1786\">Yurt i\u00e7inde veya yurt d\u0131\u015f\u0131nda aktar\u0131ld\u0131\u011f\u0131 \u00fc\u00e7\u00fcnc\u00fc ki\u015fileri bilme,<\/p>\n<\/li>\n<li data-start=\"1787\" data-end=\"1842\">\n<p data-start=\"1789\" data-end=\"1842\">Eksik veya yanl\u0131\u015f i\u015flenmi\u015fse d\u00fczeltilmesini isteme,<\/p>\n<\/li>\n<li data-start=\"1843\" data-end=\"1925\">\n<p data-start=\"1845\" data-end=\"1925\">KVKK\u2019da \u00f6ng\u00f6r\u00fclen \u015fartlar \u00e7er\u00e7evesinde silinmesini veya yok edilmesini isteme,<\/p>\n<\/li>\n<li data-start=\"1926\" data-end=\"1966\">\n<p data-start=\"1928\" data-end=\"1966\">\u0130\u015flemenin k\u0131s\u0131tlanmas\u0131n\u0131 talep etme,<\/p>\n<\/li>\n<li data-start=\"1967\" data-end=\"2067\">\n<p data-start=\"1969\" data-end=\"2067\">Otomatik sistemlerle analiz edilmesi sonucu aleyhinize bir sonucun ortaya \u00e7\u0131kmas\u0131na itiraz etme,<\/p>\n<\/li>\n<li data-start=\"2068\" data-end=\"2144\">\n<p data-start=\"2070\" data-end=\"2144\">Zarara u\u011framan\u0131z halinde giderilmesini talep etme,<br data-start=\"2120\" data-end=\"2123\" \/>haklar\u0131na sahipsiniz.<\/p>\n<\/li>\n<\/ul>\n<h3 data-start=\"2146\" data-end=\"2168\">5. Ba\u015fvuru Y\u00f6ntemi<\/h3>\n<p data-start=\"2169\" data-end=\"2363\">KVKK kapsam\u0131ndaki taleplerinizi yaz\u0131l\u0131 olarak veya kay\u0131tl\u0131 elektronik posta (KEP) adresi \u00fczerinden bize iletebilirsiniz. Talepleriniz en ge\u00e7 30 g\u00fcn i\u00e7inde \u00fccretsiz olarak sonu\u00e7land\u0131r\u0131lacakt\u0131r.<\/p>","protected":false},"excerpt":{"rendered":"<p>KVKK Ayd\u0131nlatma Metni Sportline Spor Ekipmanlar\u0131 \u0130malat\u0131 \u0130th. \u0130hr. San. ve Tic. Ltd. \u015eti.Vergi No: 7810902891Yamanlar V.D.Adres: 7685 Sokak No: 2\/1, Latife Han\u0131m Mahallesi, Kar\u015f\u0131yaka\/\u0130zmir, T\u00fcrkiye Ki\u015fisel verilerinizin korunmas\u0131 ve gizlili\u011finizin sa\u011flanmas\u0131 bizim i\u00e7in b\u00fcy\u00fck \u00f6nem ta\u015f\u0131maktad\u0131r. 6698 say\u0131l\u0131 Ki\u015fisel Verilerin Korunmas\u0131 Kanunu (\u201cKVKK\u201d) kapsam\u0131nda, veri sorumlusu s\u0131fat\u0131yla ki\u015fisel verilerinizi a\u015fa\u011f\u0131da belirtilen \u00e7er\u00e7evede i\u015flemekteyiz. 1. Ki\u015fisel Verilerin \u0130\u015flenme Ama\u00e7lar\u0131 Ki\u015fisel [&hellip;]<\/p>","protected":false},"author":1,"featured_media":0,"parent":0,"menu_order":0,"comment_status":"closed","ping_status":"closed","template":"page-templates\/full-width.php","meta":{"footnotes":""},"class_list":["post-13207","page","type-page","status-publish","hentry"],"_links":{"self":[{"href":"https:\/\/sportlinepilates.com\/en\/wp-json\/wp\/v2\/pages\/13207","targetHints":{"allow":["GET"]}}],"collection":[{"href":"https:\/\/sportlinepilates.com\/en\/wp-json\/wp\/v2\/pages"}],"about":[{"href":"https:\/\/sportlinepilates.com\/en\/wp-json\/wp\/v2\/types\/page"}],"author":[{"embeddable":true,"href":"https:\/\/sportlinepilates.com\/en\/wp-json\/wp\/v2\/users\/1"}],"replies":[{"embeddable":true,"href":"https:\/\/sportlinepilates.com\/en\/wp-json\/wp\/v2\/comments?post=13207"}],"version-history":[{"count":0,"href":"https:\/\/sportlinepilates.com\/en\/wp-json\/wp\/v2\/pages\/13207\/revisions"}],"wp:attachment":[{"href":"https:\/\/sportlinepilates.com\/en\/wp-json\/wp\/v2\/media?parent=13207"}],"curies":[{"name":"wp","href":"https:\/\/api.w.org\/{rel}","templated":true}]}}